{"id":12929,"date":"2022-02-23T17:15:53","date_gmt":"2022-02-23T17:15:53","guid":{"rendered":"https:\/\/www.uppspuni.is\/?post_type=product&#038;p=12929"},"modified":"2025-01-03T13:54:40","modified_gmt":"2025-01-03T13:54:40","slug":"klukkutrefill-a-scarf-kit-tweed","status":"publish","type":"product","link":"https:\/\/www.uppspuni.is\/is\/product\/klukkutrefill-a-scarf-kit-tweed\/","title":{"rendered":"Klukkutrefill - pakkning fyrir trefil (tv\u00edd-\u00e1fer\u00f0)"},"content":{"rendered":"<p>Garn og uppskrift fyrir trefil, prj\u00f3na\u00f0an me\u00f0 klukkuprj\u00f3ni og tveimur \u00fer\u00e1\u00f0um sem gefur tv\u00edd-\u00fatlit. Hentar b\u00e6\u00f0i konum og k\u00f6rlum.<\/p>\n<p>\u00deessi pakkning inniheldur garn og uppskrift fyrir hl\u00fdjan og notalegan trefil sem hentar vi\u00f0 \u00f6ll t\u00e6kif\u00e6ri.<br \/>\nHann er prj\u00f3na\u00f0ur me\u00f0 klukkuprj\u00f3ni og uppskriftin er einf\u00f6ld. Ef \u00fe\u00fa hefur ekki prj\u00f3na\u00f0 klukkuprj\u00f3n \u00e1\u00f0ur, \u00fe\u00e1 er \u00feetta g\u00f3\u00f0 uppskrift fyrir byrjendur.<br \/>\nGarni\u00f0 \u00ed \u00feessari pakkningu er hulduband. \u00de\u00fa prj\u00f3nar trefilinn me\u00f0 tveimur \u00fer\u00e1\u00f0um \u00ed tveimur litum. Pakkanum fylgir 150 gr\u00f6mm af garni \u00ed tveimur litum (samtals 300 gr\u00f6mm) og \u00far \u00fev\u00ed garni getur \u00fe\u00fa gert trefil sem er um 2 metra langur. \u00dea\u00f0 er au\u00f0velt a\u00f0 hafa hann styttri me\u00f0 \u00fev\u00ed a\u00f0 h\u00e6tta a\u00f0 prj\u00f3na fyrr.<\/p>\n<p>The pattern is both in Icelandic and English, so you don&#8217;t have to worry about which language to ask for. You will get both, and can therefore practice your Icelandic. \ud83d\ude42<\/p>\n<p>\u00de\u00fa getur vali\u00f0 um h\u00e6rusvart\/gr\u00e1tt, svart\/gr\u00e1tt og m\u00f3rautt\/gr\u00e1tt garn fyrir trefilinn \u00feinn.<\/p>\n<p>\u00d6nnur pakkning er til \u00ed versluninni okkar \u00far dvergabandi og \u00fe\u00e1 er trefillinn einlitur.<\/p>","protected":false},"excerpt":{"rendered":"<p>Yarn and a pattern for a tweed looking brioche knitted scarf. Fits both men and women. In this kit you get yarn and a pattern for a super warm and cosy scarf to wear at different occasions. It is knitted in brioche style and the pattern is simple and easy to follow. If you have [&hellip;]<\/p>\n","protected":false},"featured_media":12935,"comment_status":"open","ping_status":"closed","template":"","meta":[],"product_brand":[],"product_cat":[28,162],"product_tag":[],"class_list":{"0":"post-12929","1":"product","2":"type-product","3":"status-publish","4":"has-post-thumbnail","6":"product_cat-kits","7":"product_cat-scarf","9":"first","10":"instock","11":"taxable","12":"shipping-taxable","13":"purchasable","14":"product-type-variable","15":"has-default-attributes"},"acf":[],"yoast_head":"<!-- This site is optimized with the Yoast SEO plugin v26.4 - https:\/\/yoast.com\/wordpress\/plugins\/seo\/ -->\n<title>Klukkutrefill - a scarf kit (tweed) - Uppspuni Mini Mill | Authentic Icelandic Yarn | Mill &amp; Wool Centre<\/title>\n<meta name=\"robots\" content=\"index, follow, max-snippet:-1, max-image-preview:large, max-video-preview:-1\" \/>\n<link rel=\"canonical\" href=\"https:\/\/www.uppspuni.is\/is\/product\/klukkutrefill-a-scarf-kit-tweed\/\" \/>\n<meta property=\"og:locale\" content=\"is_IS\" \/>\n<meta property=\"og:type\" content=\"article\" \/>\n<meta property=\"og:title\" content=\"Klukkutrefill - a scarf kit (tweed) - Uppspuni Mini Mill | Authentic Icelandic Yarn | Mill &amp; Wool Centre\" \/>\n<meta property=\"og:description\" content=\"Yarn and a pattern for a tweed looking brioche knitted scarf. Fits both men and women. In this kit you get yarn and a pattern for a super warm and cosy scarf to wear at different occasions. It is knitted in brioche style and the pattern is simple and easy to follow. If you have [&hellip;]\" \/>\n<meta property=\"og:url\" content=\"https:\/\/www.uppspuni.is\/is\/product\/klukkutrefill-a-scarf-kit-tweed\/\" \/>\n<meta property=\"og:site_name\" content=\"Uppspuni Mini Mill | Authentic Icelandic Yarn | Mill &amp; Wool Centre\" \/>\n<meta property=\"article:publisher\" content=\"https:\/\/facebook.com\/uppspuni.is\/\" \/>\n<meta property=\"article:modified_time\" content=\"2025-01-03T13:54:40+00:00\" \/>\n<meta property=\"og:image\" content=\"https:\/\/www.uppspuni.is\/wp-content\/uploads\/2022\/02\/heimasida-huldub..jpg\" \/>\n\t<meta property=\"og:image:width\" content=\"1681\" \/>\n\t<meta property=\"og:image:height\" content=\"1685\" \/>\n\t<meta property=\"og:image:type\" content=\"image\/jpeg\" \/>\n<meta name=\"twitter:card\" content=\"summary_large_image\" \/>\n<meta name=\"twitter:label1\" content=\"Est. reading time\" \/>\n\t<meta name=\"twitter:data1\" content=\"1 minute\" \/>\n<script type=\"application\/ld+json\" class=\"yoast-schema-graph\">{\"@context\":\"https:\/\/schema.org\",\"@graph\":[{\"@type\":\"WebPage\",\"@id\":\"https:\/\/www.uppspuni.is\/product\/klukkutrefill-a-scarf-kit-tweed\/\",\"url\":\"https:\/\/www.uppspuni.is\/product\/klukkutrefill-a-scarf-kit-tweed\/\",\"name\":\"Klukkutrefill - a scarf kit (tweed) - Uppspuni Mini Mill | Authentic Icelandic Yarn | Mill &amp; Wool Centre\",\"isPartOf\":{\"@id\":\"https:\/\/www.uppspuni.is\/#website\"},\"primaryImageOfPage\":{\"@id\":\"https:\/\/www.uppspuni.is\/product\/klukkutrefill-a-scarf-kit-tweed\/#primaryimage\"},\"image\":{\"@id\":\"https:\/\/www.uppspuni.is\/product\/klukkutrefill-a-scarf-kit-tweed\/#primaryimage\"},\"thumbnailUrl\":\"https:\/\/www.uppspuni.is\/wp-content\/uploads\/2022\/02\/heimasida-huldub..jpg\",\"datePublished\":\"2022-02-23T17:15:53+00:00\",\"dateModified\":\"2025-01-03T13:54:40+00:00\",\"breadcrumb\":{\"@id\":\"https:\/\/www.uppspuni.is\/product\/klukkutrefill-a-scarf-kit-tweed\/#breadcrumb\"},\"inLanguage\":\"is\",\"potentialAction\":[{\"@type\":\"ReadAction\",\"target\":[\"https:\/\/www.uppspuni.is\/product\/klukkutrefill-a-scarf-kit-tweed\/\"]}]},{\"@type\":\"ImageObject\",\"inLanguage\":\"is\",\"@id\":\"https:\/\/www.uppspuni.is\/product\/klukkutrefill-a-scarf-kit-tweed\/#primaryimage\",\"url\":\"https:\/\/www.uppspuni.is\/wp-content\/uploads\/2022\/02\/heimasida-huldub..jpg\",\"contentUrl\":\"https:\/\/www.uppspuni.is\/wp-content\/uploads\/2022\/02\/heimasida-huldub..jpg\",\"width\":1681,\"height\":1685},{\"@type\":\"BreadcrumbList\",\"@id\":\"https:\/\/www.uppspuni.is\/product\/klukkutrefill-a-scarf-kit-tweed\/#breadcrumb\",\"itemListElement\":[{\"@type\":\"ListItem\",\"position\":1,\"name\":\"Home\",\"item\":\"https:\/\/www.uppspuni.is\/\"},{\"@type\":\"ListItem\",\"position\":2,\"name\":\"Shop\",\"item\":\"https:\/\/www.uppspuni.is\/is\/shop\/\"},{\"@type\":\"ListItem\",\"position\":3,\"name\":\"Klukkutrefill &#8211; a scarf kit (tweed)\"}]},{\"@type\":\"WebSite\",\"@id\":\"https:\/\/www.uppspuni.is\/#website\",\"url\":\"https:\/\/www.uppspuni.is\/\",\"name\":\"Uppspuni Mini Mill | Authentic Icelandic Yarn | Mill & Wool Centre\",\"description\":\"Beautiful Iceland yarn from sheep to skein\",\"publisher\":{\"@id\":\"https:\/\/www.uppspuni.is\/#organization\"},\"potentialAction\":[{\"@type\":\"SearchAction\",\"target\":{\"@type\":\"EntryPoint\",\"urlTemplate\":\"https:\/\/www.uppspuni.is\/?s={search_term_string}\"},\"query-input\":{\"@type\":\"PropertyValueSpecification\",\"valueRequired\":true,\"valueName\":\"search_term_string\"}}],\"inLanguage\":\"is\"},{\"@type\":\"Organization\",\"@id\":\"https:\/\/www.uppspuni.is\/#organization\",\"name\":\"Uppspuni Mini Mill\",\"url\":\"https:\/\/www.uppspuni.is\/\",\"logo\":{\"@type\":\"ImageObject\",\"inLanguage\":\"is\",\"@id\":\"https:\/\/www.uppspuni.is\/#\/schema\/logo\/image\/\",\"url\":\"https:\/\/www.uppspuni.is\/wp-content\/uploads\/2021\/02\/Asset-1.png\",\"contentUrl\":\"https:\/\/www.uppspuni.is\/wp-content\/uploads\/2021\/02\/Asset-1.png\",\"width\":955,\"height\":272,\"caption\":\"Uppspuni Mini Mill\"},\"image\":{\"@id\":\"https:\/\/www.uppspuni.is\/#\/schema\/logo\/image\/\"},\"sameAs\":[\"https:\/\/facebook.com\/uppspuni.is\/\",\"https:\/\/www.instagram.com\/uppspuni_minimill\/\"]}]}<\/script>\n<!-- \/ Yoast SEO plugin. -->","yoast_head_json":{"title":"Klukkutrefill - a scarf kit (tweed) - Uppspuni Mini Mill | Authentic Icelandic Yarn | Mill &amp; Wool Centre","robots":{"index":"index","follow":"follow","max-snippet":"max-snippet:-1","max-image-preview":"max-image-preview:large","max-video-preview":"max-video-preview:-1"},"canonical":"https:\/\/www.uppspuni.is\/is\/product\/klukkutrefill-a-scarf-kit-tweed\/","og_locale":"is_IS","og_type":"article","og_title":"Klukkutrefill - a scarf kit (tweed) - Uppspuni Mini Mill | Authentic Icelandic Yarn | Mill &amp; Wool Centre","og_description":"Yarn and a pattern for a tweed looking brioche knitted scarf. Fits both men and women. In this kit you get yarn and a pattern for a super warm and cosy scarf to wear at different occasions. It is knitted in brioche style and the pattern is simple and easy to follow. If you have [&hellip;]","og_url":"https:\/\/www.uppspuni.is\/is\/product\/klukkutrefill-a-scarf-kit-tweed\/","og_site_name":"Uppspuni Mini Mill | Authentic Icelandic Yarn | Mill &amp; Wool Centre","article_publisher":"https:\/\/facebook.com\/uppspuni.is\/","article_modified_time":"2025-01-03T13:54:40+00:00","og_image":[{"width":1681,"height":1685,"url":"https:\/\/www.uppspuni.is\/wp-content\/uploads\/2022\/02\/heimasida-huldub..jpg","type":"image\/jpeg"}],"twitter_card":"summary_large_image","twitter_misc":{"Est. reading time":"1 minute"},"schema":{"@context":"https:\/\/schema.org","@graph":[{"@type":"WebPage","@id":"https:\/\/www.uppspuni.is\/product\/klukkutrefill-a-scarf-kit-tweed\/","url":"https:\/\/www.uppspuni.is\/product\/klukkutrefill-a-scarf-kit-tweed\/","name":"Klukkutrefill - a scarf kit (tweed) - Uppspuni Mini Mill | Authentic Icelandic Yarn | Mill &amp; Wool Centre","isPartOf":{"@id":"https:\/\/www.uppspuni.is\/#website"},"primaryImageOfPage":{"@id":"https:\/\/www.uppspuni.is\/product\/klukkutrefill-a-scarf-kit-tweed\/#primaryimage"},"image":{"@id":"https:\/\/www.uppspuni.is\/product\/klukkutrefill-a-scarf-kit-tweed\/#primaryimage"},"thumbnailUrl":"https:\/\/www.uppspuni.is\/wp-content\/uploads\/2022\/02\/heimasida-huldub..jpg","datePublished":"2022-02-23T17:15:53+00:00","dateModified":"2025-01-03T13:54:40+00:00","breadcrumb":{"@id":"https:\/\/www.uppspuni.is\/product\/klukkutrefill-a-scarf-kit-tweed\/#breadcrumb"},"inLanguage":"is","potentialAction":[{"@type":"ReadAction","target":["https:\/\/www.uppspuni.is\/product\/klukkutrefill-a-scarf-kit-tweed\/"]}]},{"@type":"ImageObject","inLanguage":"is","@id":"https:\/\/www.uppspuni.is\/product\/klukkutrefill-a-scarf-kit-tweed\/#primaryimage","url":"https:\/\/www.uppspuni.is\/wp-content\/uploads\/2022\/02\/heimasida-huldub..jpg","contentUrl":"https:\/\/www.uppspuni.is\/wp-content\/uploads\/2022\/02\/heimasida-huldub..jpg","width":1681,"height":1685},{"@type":"BreadcrumbList","@id":"https:\/\/www.uppspuni.is\/product\/klukkutrefill-a-scarf-kit-tweed\/#breadcrumb","itemListElement":[{"@type":"ListItem","position":1,"name":"Home","item":"https:\/\/www.uppspuni.is\/"},{"@type":"ListItem","position":2,"name":"Shop","item":"https:\/\/www.uppspuni.is\/is\/shop\/"},{"@type":"ListItem","position":3,"name":"Klukkutrefill &#8211; a scarf kit (tweed)"}]},{"@type":"WebSite","@id":"https:\/\/www.uppspuni.is\/#website","url":"https:\/\/www.uppspuni.is\/","name":"Uppspuni Mini Mill | Authentic Icelandic Yarn | Mill & Wool Centre","description":"Beautiful Iceland yarn from sheep to skein","publisher":{"@id":"https:\/\/www.uppspuni.is\/#organization"},"potentialAction":[{"@type":"SearchAction","target":{"@type":"EntryPoint","urlTemplate":"https:\/\/www.uppspuni.is\/?s={search_term_string}"},"query-input":{"@type":"PropertyValueSpecification","valueRequired":true,"valueName":"search_term_string"}}],"inLanguage":"is"},{"@type":"Organization","@id":"https:\/\/www.uppspuni.is\/#organization","name":"Uppspuni Sm\u00e1spunaverksmi\u00f0ja","url":"https:\/\/www.uppspuni.is\/","logo":{"@type":"ImageObject","inLanguage":"is","@id":"https:\/\/www.uppspuni.is\/#\/schema\/logo\/image\/","url":"https:\/\/www.uppspuni.is\/wp-content\/uploads\/2021\/02\/Asset-1.png","contentUrl":"https:\/\/www.uppspuni.is\/wp-content\/uploads\/2021\/02\/Asset-1.png","width":955,"height":272,"caption":"Uppspuni Mini Mill"},"image":{"@id":"https:\/\/www.uppspuni.is\/#\/schema\/logo\/image\/"},"sameAs":["https:\/\/facebook.com\/uppspuni.is\/","https:\/\/www.instagram.com\/uppspuni_minimill\/"]}]}},"_links":{"self":[{"href":"https:\/\/www.uppspuni.is\/is\/wp-json\/wp\/v2\/product\/12929","targetHints":{"allow":["GET"]}}],"collection":[{"href":"https:\/\/www.uppspuni.is\/is\/wp-json\/wp\/v2\/product"}],"about":[{"href":"https:\/\/www.uppspuni.is\/is\/wp-json\/wp\/v2\/types\/product"}],"replies":[{"embeddable":true,"href":"https:\/\/www.uppspuni.is\/is\/wp-json\/wp\/v2\/comments?post=12929"}],"wp:featuredmedia":[{"embeddable":true,"href":"https:\/\/www.uppspuni.is\/is\/wp-json\/wp\/v2\/media\/12935"}],"wp:attachment":[{"href":"https:\/\/www.uppspuni.is\/is\/wp-json\/wp\/v2\/media?parent=12929"}],"wp:term":[{"taxonomy":"product_brand","embeddable":true,"href":"https:\/\/www.uppspuni.is\/is\/wp-json\/wp\/v2\/product_brand?post=12929"},{"taxonomy":"product_cat","embeddable":true,"href":"https:\/\/www.uppspuni.is\/is\/wp-json\/wp\/v2\/product_cat?post=12929"},{"taxonomy":"product_tag","embeddable":true,"href":"https:\/\/www.uppspuni.is\/is\/wp-json\/wp\/v2\/product_tag?post=12929"}],"curies":[{"name":"wp","href":"https:\/\/api.w.org\/{rel}","templated":true}]}}