{"id":13875,"date":"2025-09-03T12:15:28","date_gmt":"2025-09-03T12:15:28","guid":{"rendered":"https:\/\/www.uppspuni.is\/?post_type=product&#038;p=13875"},"modified":"2025-09-03T14:17:35","modified_gmt":"2025-09-03T14:17:35","slug":"pattern-for-a-stord-sweater","status":"publish","type":"product","link":"https:\/\/www.uppspuni.is\/is\/product\/pattern-for-a-stord-sweater\/","title":{"rendered":"Uppskrift fyrir peysuna Stor\u00f0"},"content":{"rendered":"<p>Munstur fyrir peysuna Stor\u00f0, sem Anna Gu\u00f0r\u00fan d\u00f3ttir m\u00edn hanna\u00f0i. H\u00fan finnst \u00e1 Ravelry og Instagram undir \u00d6nnuband. Peysan er hef\u00f0bundin \u00edslensk lopapeysa me\u00f0 hressandi litavali. Prj\u00f3nu\u00f0 ne\u00f0anfr\u00e1 og upp og h\u00e6gt a\u00f0 leika s\u00e9r me\u00f0 litina.<\/p>\n<p>\u00deegar \u00fe\u00fa kaupir uppskriftina f\u00e6r\u00f0u hlekk til ni\u00f0urhals \u00ed t\u00f6lvup\u00f3sti.<\/p>\n<p>Munstri\u00f0 er \u00e1 \u00edslensku og ensku. Muni\u00f0 a\u00f0 velja r\u00e9tta tungum\u00e1li\u00f0.<\/p>\n<p>Ef vandam\u00e1l kemur upp vi\u00f0 ni\u00f0urhal uppskriftarinnar, vinsamlegast haf\u00f0u samband, og vi\u00f0 sendum \u00fe\u00e9r uppskriftina \u00ed t\u00f6lvup\u00f3sti.<\/p>\n<p>&nbsp;<\/p>","protected":false},"excerpt":{"rendered":"<p>A pattern for the sweater Stor\u00f0, that was designed by Anna Gu\u00f0r\u00fan, my daughter. She calls herself Onnuband on Ravelry and Instagram. It is an Icelandic yoke sweater, with a twist, knitted bottom-up, the sleeves separately and then joined for the yoke. A warm and cosy sweater, that can be knitted in many different colour [&hellip;]<\/p>\n","protected":false},"featured_media":13877,"comment_status":"open","ping_status":"closed","template":"","meta":[],"product_brand":[],"product_cat":[154],"product_tag":[],"class_list":{"0":"post-13875","1":"product","2":"type-product","3":"status-publish","4":"has-post-thumbnail","6":"product_cat-pattern","8":"first","9":"instock","10":"downloadable","11":"virtual","12":"taxable","13":"purchasable","14":"product-type-simple"},"acf":[],"yoast_head":"<!-- This site is optimized with the Yoast SEO plugin v26.4 - https:\/\/yoast.com\/wordpress\/plugins\/seo\/ -->\n<title>Pattern for a Stor\u00f0 sweater - Uppspuni Mini Mill | Authentic Icelandic Yarn | Mill &amp; Wool Centre<\/title>\n<meta name=\"robots\" content=\"index, follow, max-snippet:-1, max-image-preview:large, max-video-preview:-1\" \/>\n<link rel=\"canonical\" href=\"https:\/\/www.uppspuni.is\/is\/product\/pattern-for-a-stord-sweater\/\" \/>\n<meta property=\"og:locale\" content=\"is_IS\" \/>\n<meta property=\"og:type\" content=\"article\" \/>\n<meta property=\"og:title\" content=\"Pattern for a Stor\u00f0 sweater - Uppspuni Mini Mill | Authentic Icelandic Yarn | Mill &amp; Wool Centre\" \/>\n<meta property=\"og:description\" content=\"A pattern for the sweater Stor\u00f0, that was designed by Anna Gu\u00f0r\u00fan, my daughter. She calls herself Onnuband on Ravelry and Instagram. It is an Icelandic yoke sweater, with a twist, knitted bottom-up, the sleeves separately and then joined for the yoke. A warm and cosy sweater, that can be knitted in many different colour [&hellip;]\" \/>\n<meta property=\"og:url\" content=\"https:\/\/www.uppspuni.is\/is\/product\/pattern-for-a-stord-sweater\/\" \/>\n<meta property=\"og:site_name\" content=\"Uppspuni Mini Mill | Authentic Icelandic Yarn | Mill &amp; Wool Centre\" \/>\n<meta property=\"article:publisher\" content=\"https:\/\/facebook.com\/uppspuni.is\/\" \/>\n<meta property=\"article:modified_time\" content=\"2025-09-03T14:17:35+00:00\" \/>\n<meta property=\"og:image\" content=\"https:\/\/www.uppspuni.is\/wp-content\/uploads\/2025\/09\/20250824_172604-scaled.jpg\" \/>\n\t<meta property=\"og:image:width\" content=\"2560\" \/>\n\t<meta property=\"og:image:height\" content=\"1920\" \/>\n\t<meta property=\"og:image:type\" content=\"image\/jpeg\" \/>\n<meta name=\"twitter:card\" content=\"summary_large_image\" \/>\n<meta name=\"twitter:label1\" content=\"Est. reading time\" \/>\n\t<meta name=\"twitter:data1\" content=\"1 minute\" \/>\n<script type=\"application\/ld+json\" class=\"yoast-schema-graph\">{\"@context\":\"https:\/\/schema.org\",\"@graph\":[{\"@type\":\"WebPage\",\"@id\":\"https:\/\/www.uppspuni.is\/product\/pattern-for-a-stord-sweater\/\",\"url\":\"https:\/\/www.uppspuni.is\/product\/pattern-for-a-stord-sweater\/\",\"name\":\"Pattern for a Stor\u00f0 sweater - Uppspuni Mini Mill | Authentic Icelandic Yarn | Mill &amp; Wool Centre\",\"isPartOf\":{\"@id\":\"https:\/\/www.uppspuni.is\/#website\"},\"primaryImageOfPage\":{\"@id\":\"https:\/\/www.uppspuni.is\/product\/pattern-for-a-stord-sweater\/#primaryimage\"},\"image\":{\"@id\":\"https:\/\/www.uppspuni.is\/product\/pattern-for-a-stord-sweater\/#primaryimage\"},\"thumbnailUrl\":\"https:\/\/www.uppspuni.is\/wp-content\/uploads\/2025\/09\/20250824_172604-scaled.jpg\",\"datePublished\":\"2025-09-03T12:15:28+00:00\",\"dateModified\":\"2025-09-03T14:17:35+00:00\",\"breadcrumb\":{\"@id\":\"https:\/\/www.uppspuni.is\/product\/pattern-for-a-stord-sweater\/#breadcrumb\"},\"inLanguage\":\"is\",\"potentialAction\":[{\"@type\":\"ReadAction\",\"target\":[\"https:\/\/www.uppspuni.is\/product\/pattern-for-a-stord-sweater\/\"]}]},{\"@type\":\"ImageObject\",\"inLanguage\":\"is\",\"@id\":\"https:\/\/www.uppspuni.is\/product\/pattern-for-a-stord-sweater\/#primaryimage\",\"url\":\"https:\/\/www.uppspuni.is\/wp-content\/uploads\/2025\/09\/20250824_172604-scaled.jpg\",\"contentUrl\":\"https:\/\/www.uppspuni.is\/wp-content\/uploads\/2025\/09\/20250824_172604-scaled.jpg\",\"width\":2560,\"height\":1920},{\"@type\":\"BreadcrumbList\",\"@id\":\"https:\/\/www.uppspuni.is\/product\/pattern-for-a-stord-sweater\/#breadcrumb\",\"itemListElement\":[{\"@type\":\"ListItem\",\"position\":1,\"name\":\"Home\",\"item\":\"https:\/\/www.uppspuni.is\/\"},{\"@type\":\"ListItem\",\"position\":2,\"name\":\"Shop\",\"item\":\"https:\/\/www.uppspuni.is\/is\/shop\/\"},{\"@type\":\"ListItem\",\"position\":3,\"name\":\"Pattern for a Stor\u00f0 sweater\"}]},{\"@type\":\"WebSite\",\"@id\":\"https:\/\/www.uppspuni.is\/#website\",\"url\":\"https:\/\/www.uppspuni.is\/\",\"name\":\"Uppspuni Mini Mill | Authentic Icelandic Yarn | Mill & Wool Centre\",\"description\":\"Beautiful Iceland yarn from sheep to skein\",\"publisher\":{\"@id\":\"https:\/\/www.uppspuni.is\/#organization\"},\"potentialAction\":[{\"@type\":\"SearchAction\",\"target\":{\"@type\":\"EntryPoint\",\"urlTemplate\":\"https:\/\/www.uppspuni.is\/?s={search_term_string}\"},\"query-input\":{\"@type\":\"PropertyValueSpecification\",\"valueRequired\":true,\"valueName\":\"search_term_string\"}}],\"inLanguage\":\"is\"},{\"@type\":\"Organization\",\"@id\":\"https:\/\/www.uppspuni.is\/#organization\",\"name\":\"Uppspuni Mini Mill\",\"url\":\"https:\/\/www.uppspuni.is\/\",\"logo\":{\"@type\":\"ImageObject\",\"inLanguage\":\"is\",\"@id\":\"https:\/\/www.uppspuni.is\/#\/schema\/logo\/image\/\",\"url\":\"https:\/\/www.uppspuni.is\/wp-content\/uploads\/2021\/02\/Asset-1.png\",\"contentUrl\":\"https:\/\/www.uppspuni.is\/wp-content\/uploads\/2021\/02\/Asset-1.png\",\"width\":955,\"height\":272,\"caption\":\"Uppspuni Mini Mill\"},\"image\":{\"@id\":\"https:\/\/www.uppspuni.is\/#\/schema\/logo\/image\/\"},\"sameAs\":[\"https:\/\/facebook.com\/uppspuni.is\/\",\"https:\/\/www.instagram.com\/uppspuni_minimill\/\"]}]}<\/script>\n<!-- \/ Yoast SEO plugin. -->","yoast_head_json":{"title":"Pattern for a Stor\u00f0 sweater - Uppspuni Mini Mill | Authentic Icelandic Yarn | Mill &amp; Wool Centre","robots":{"index":"index","follow":"follow","max-snippet":"max-snippet:-1","max-image-preview":"max-image-preview:large","max-video-preview":"max-video-preview:-1"},"canonical":"https:\/\/www.uppspuni.is\/is\/product\/pattern-for-a-stord-sweater\/","og_locale":"is_IS","og_type":"article","og_title":"Pattern for a Stor\u00f0 sweater - Uppspuni Mini Mill | Authentic Icelandic Yarn | Mill &amp; Wool Centre","og_description":"A pattern for the sweater Stor\u00f0, that was designed by Anna Gu\u00f0r\u00fan, my daughter. She calls herself Onnuband on Ravelry and Instagram. It is an Icelandic yoke sweater, with a twist, knitted bottom-up, the sleeves separately and then joined for the yoke. A warm and cosy sweater, that can be knitted in many different colour [&hellip;]","og_url":"https:\/\/www.uppspuni.is\/is\/product\/pattern-for-a-stord-sweater\/","og_site_name":"Uppspuni Mini Mill | Authentic Icelandic Yarn | Mill &amp; Wool Centre","article_publisher":"https:\/\/facebook.com\/uppspuni.is\/","article_modified_time":"2025-09-03T14:17:35+00:00","og_image":[{"width":2560,"height":1920,"url":"https:\/\/www.uppspuni.is\/wp-content\/uploads\/2025\/09\/20250824_172604-scaled.jpg","type":"image\/jpeg"}],"twitter_card":"summary_large_image","twitter_misc":{"Est. reading time":"1 minute"},"schema":{"@context":"https:\/\/schema.org","@graph":[{"@type":"WebPage","@id":"https:\/\/www.uppspuni.is\/product\/pattern-for-a-stord-sweater\/","url":"https:\/\/www.uppspuni.is\/product\/pattern-for-a-stord-sweater\/","name":"Pattern for a Stor\u00f0 sweater - Uppspuni Mini Mill | Authentic Icelandic Yarn | Mill &amp; Wool Centre","isPartOf":{"@id":"https:\/\/www.uppspuni.is\/#website"},"primaryImageOfPage":{"@id":"https:\/\/www.uppspuni.is\/product\/pattern-for-a-stord-sweater\/#primaryimage"},"image":{"@id":"https:\/\/www.uppspuni.is\/product\/pattern-for-a-stord-sweater\/#primaryimage"},"thumbnailUrl":"https:\/\/www.uppspuni.is\/wp-content\/uploads\/2025\/09\/20250824_172604-scaled.jpg","datePublished":"2025-09-03T12:15:28+00:00","dateModified":"2025-09-03T14:17:35+00:00","breadcrumb":{"@id":"https:\/\/www.uppspuni.is\/product\/pattern-for-a-stord-sweater\/#breadcrumb"},"inLanguage":"is","potentialAction":[{"@type":"ReadAction","target":["https:\/\/www.uppspuni.is\/product\/pattern-for-a-stord-sweater\/"]}]},{"@type":"ImageObject","inLanguage":"is","@id":"https:\/\/www.uppspuni.is\/product\/pattern-for-a-stord-sweater\/#primaryimage","url":"https:\/\/www.uppspuni.is\/wp-content\/uploads\/2025\/09\/20250824_172604-scaled.jpg","contentUrl":"https:\/\/www.uppspuni.is\/wp-content\/uploads\/2025\/09\/20250824_172604-scaled.jpg","width":2560,"height":1920},{"@type":"BreadcrumbList","@id":"https:\/\/www.uppspuni.is\/product\/pattern-for-a-stord-sweater\/#breadcrumb","itemListElement":[{"@type":"ListItem","position":1,"name":"Home","item":"https:\/\/www.uppspuni.is\/"},{"@type":"ListItem","position":2,"name":"Shop","item":"https:\/\/www.uppspuni.is\/is\/shop\/"},{"@type":"ListItem","position":3,"name":"Pattern for a Stor\u00f0 sweater"}]},{"@type":"WebSite","@id":"https:\/\/www.uppspuni.is\/#website","url":"https:\/\/www.uppspuni.is\/","name":"Uppspuni Mini Mill | Authentic Icelandic Yarn | Mill & Wool Centre","description":"Beautiful Iceland yarn from sheep to skein","publisher":{"@id":"https:\/\/www.uppspuni.is\/#organization"},"potentialAction":[{"@type":"SearchAction","target":{"@type":"EntryPoint","urlTemplate":"https:\/\/www.uppspuni.is\/?s={search_term_string}"},"query-input":{"@type":"PropertyValueSpecification","valueRequired":true,"valueName":"search_term_string"}}],"inLanguage":"is"},{"@type":"Organization","@id":"https:\/\/www.uppspuni.is\/#organization","name":"Uppspuni Sm\u00e1spunaverksmi\u00f0ja","url":"https:\/\/www.uppspuni.is\/","logo":{"@type":"ImageObject","inLanguage":"is","@id":"https:\/\/www.uppspuni.is\/#\/schema\/logo\/image\/","url":"https:\/\/www.uppspuni.is\/wp-content\/uploads\/2021\/02\/Asset-1.png","contentUrl":"https:\/\/www.uppspuni.is\/wp-content\/uploads\/2021\/02\/Asset-1.png","width":955,"height":272,"caption":"Uppspuni Mini Mill"},"image":{"@id":"https:\/\/www.uppspuni.is\/#\/schema\/logo\/image\/"},"sameAs":["https:\/\/facebook.com\/uppspuni.is\/","https:\/\/www.instagram.com\/uppspuni_minimill\/"]}]}},"_links":{"self":[{"href":"https:\/\/www.uppspuni.is\/is\/wp-json\/wp\/v2\/product\/13875","targetHints":{"allow":["GET"]}}],"collection":[{"href":"https:\/\/www.uppspuni.is\/is\/wp-json\/wp\/v2\/product"}],"about":[{"href":"https:\/\/www.uppspuni.is\/is\/wp-json\/wp\/v2\/types\/product"}],"replies":[{"embeddable":true,"href":"https:\/\/www.uppspuni.is\/is\/wp-json\/wp\/v2\/comments?post=13875"}],"wp:featuredmedia":[{"embeddable":true,"href":"https:\/\/www.uppspuni.is\/is\/wp-json\/wp\/v2\/media\/13877"}],"wp:attachment":[{"href":"https:\/\/www.uppspuni.is\/is\/wp-json\/wp\/v2\/media?parent=13875"}],"wp:term":[{"taxonomy":"product_brand","embeddable":true,"href":"https:\/\/www.uppspuni.is\/is\/wp-json\/wp\/v2\/product_brand?post=13875"},{"taxonomy":"product_cat","embeddable":true,"href":"https:\/\/www.uppspuni.is\/is\/wp-json\/wp\/v2\/product_cat?post=13875"},{"taxonomy":"product_tag","embeddable":true,"href":"https:\/\/www.uppspuni.is\/is\/wp-json\/wp\/v2\/product_tag?post=13875"}],"curies":[{"name":"wp","href":"https:\/\/api.w.org\/{rel}","templated":true}]}}